{"id":127,"date":"2017-05-30T05:29:53","date_gmt":"2017-05-30T05:29:53","guid":{"rendered":"http:\/\/www.freyortho.ch\/sample-page\/"},"modified":"2021-04-12T09:07:46","modified_gmt":"2021-04-12T09:07:46","slug":"sample-page","status":"publish","type":"page","link":"https:\/\/freyortho.ch\/fr\/","title":{"rendered":"Home"},"content":{"rendered":"<div id=\"pl-127\"  class=\"panel-layout\" ><div id=\"pg-127-0\"  class=\"panel-grid panel-no-style\" ><div id=\"pgc-127-0-0\"  class=\"panel-grid-cell\" ><div id=\"panel-127-0-0-0\" class=\"so-panel widget widget_sow-editor panel-first-child panel-last-child\" data-index=\"0\" ><div\n\t\t\t\n\t\t\tclass=\"so-widget-sow-editor so-widget-sow-editor-base\"\n\t\t\t\n\t\t>\n<div class=\"siteorigin-widget-tinymce textwidget\">\n\t<h1>Frey Orthop\u00e4die-<br class=\"visible-xs\" \/>Bedarf AG<\/h1>\n<hr class=\"headline\" \/>\n<h2>Bienvenue sur le site de votre partenaire sp\u00e9cialis\u00e9 dans les articles et la technique d\u00e9di\u00e9s \u00e0 l\u2019orthop\u00e9die.<br class=\"visible-md visible-lg\" \/>Bienvenue chez le repr\u00e9sentant exclusif des articles FinnComfort en Suisse.<br class=\"visible-md visible-lg\" \/>Bienvenue sur le site d\u2019une entreprise familiale g\u00e9r\u00e9e par ses propri\u00e9taires \u2013 tout proche de chez vous.<\/h2>\n<\/div>\n<\/div><\/div><\/div><\/div><\/div>","protected":false},"excerpt":{"rendered":"<p>Frey Orthop\u00e4die-Bedarf AG Bienvenue sur le site de votre partenaire sp\u00e9cialis\u00e9 dans les articles et la technique d\u00e9di\u00e9s \u00e0 l\u2019orthop\u00e9die.Bienvenue chez le repr\u00e9sentant exclusif des articles FinnComfort en Suisse.Bienvenue sur le site d\u2019une entreprise familiale g\u00e9r\u00e9e par ses propri\u00e9taires \u2013 tout proche de chez vous.<\/p>\n","protected":false},"author":1,"featured_media":0,"parent":0,"menu_order":0,"comment_status":"closed","ping_status":"closed","template":"front-page.php","meta":{"_acf_changed":false,"footnotes":""},"class_list":["post-127","page","type-page","status-publish","hentry"],"acf":[],"_links":{"self":[{"href":"https:\/\/freyortho.ch\/fr\/wp-json\/wp\/v2\/pages\/127","targetHints":{"allow":["GET"]}}],"collection":[{"href":"https:\/\/freyortho.ch\/fr\/wp-json\/wp\/v2\/pages"}],"about":[{"href":"https:\/\/freyortho.ch\/fr\/wp-json\/wp\/v2\/types\/page"}],"author":[{"embeddable":true,"href":"https:\/\/freyortho.ch\/fr\/wp-json\/wp\/v2\/users\/1"}],"replies":[{"embeddable":true,"href":"https:\/\/freyortho.ch\/fr\/wp-json\/wp\/v2\/comments?post=127"}],"version-history":[{"count":10,"href":"https:\/\/freyortho.ch\/fr\/wp-json\/wp\/v2\/pages\/127\/revisions"}],"predecessor-version":[{"id":2815,"href":"https:\/\/freyortho.ch\/fr\/wp-json\/wp\/v2\/pages\/127\/revisions\/2815"}],"wp:attachment":[{"href":"https:\/\/freyortho.ch\/fr\/wp-json\/wp\/v2\/media?parent=127"}],"curies":[{"name":"wp","href":"https:\/\/api.w.org\/{rel}","templated":true}]}}