{"id":156,"date":"2017-05-30T07:41:24","date_gmt":"2017-05-30T07:41:24","guid":{"rendered":"http:\/\/www.freyortho.ch\/kontakt\/"},"modified":"2025-10-13T10:10:19","modified_gmt":"2025-10-13T08:10:19","slug":"contact","status":"publish","type":"page","link":"https:\/\/freyortho.ch\/fr\/contact\/","title":{"rendered":"Contact"},"content":{"rendered":"<div id=\"pl-156\"  class=\"panel-layout\" ><div id=\"pg-156-0\"  class=\"panel-grid panel-has-style\" ><div class=\"panel-row-style panel-row-style-for-156-0\" ><div id=\"pgc-156-0-0\"  class=\"panel-grid-cell\" ><div id=\"panel-156-0-0-0\" class=\"so-panel widget widget_sow-editor panel-first-child panel-last-child\" data-index=\"0\" ><div class=\"panel-widget-style panel-widget-style-for-156-0-0-0\" ><div\n\t\t\t\n\t\t\tclass=\"so-widget-sow-editor so-widget-sow-editor-base\"\n\t\t\t\n\t\t>\n<div class=\"siteorigin-widget-tinymce textwidget\">\n\t<h2>Vous avez des questions ou souhaitez nous faire part de suggestions?<br class=\"visible-md visible-lg\" \/>Vous pouvez nous contacter par t\u00e9l\u00e9phone au num\u00e9ro +41 62 887 45 00 ou en utilisant notre <a data-toggle=\"modal\" data-target=\"#modal-contact\">formulaire de contact<\/a>. <br class=\"visible-md visible-lg\" \/>Nous vous remercions d'ores et d\u00e9j\u00e0 de vos messages.<\/h2>\n<hr \/>\n<\/div>\n<\/div><\/div><\/div><\/div><\/div><\/div><div id=\"pg-156-1\"  class=\"panel-grid panel-has-style\" ><div class=\"panel-row-style panel-row-style-for-156-1\" ><div id=\"pgc-156-1-0\"  class=\"panel-grid-cell\" ><div id=\"panel-156-1-0-0\" class=\"so-panel widget widget_sow-editor panel-first-child panel-last-child\" data-index=\"1\" ><div class=\"text-left panel-widget-style panel-widget-style-for-156-1-0-0\" ><div\n\t\t\t\n\t\t\tclass=\"so-widget-sow-editor so-widget-sow-editor-base\"\n\t\t\t\n\t\t><h4 class=\"widget-title\">Frey Orthop\u00e4die-Bedarf AG<\/h4>\n<div class=\"siteorigin-widget-tinymce textwidget\">\n\t<p>Panoramaweg 35<br \/>\n5504 Othmarsingen<br \/>\nSuisse<br \/>\nT +41 62 887 45 00<br \/>\nF +41 62 887 45 01<br \/>\n<a class=\"no-underline\" href=\"mailto:info@freyortho.ch\" target=\"_blank\" rel=\"noopener noreferrer\">info@freyortho.ch<\/a><\/p>\n<\/div>\n<\/div><\/div><\/div><\/div><div id=\"pgc-156-1-1\"  class=\"panel-grid-cell\" ><div id=\"panel-156-1-1-0\" class=\"so-panel widget widget_sow-editor panel-first-child panel-last-child\" data-index=\"2\" ><div class=\"text-left panel-widget-style panel-widget-style-for-156-1-1-0\" ><div\n\t\t\t\n\t\t\tclass=\"so-widget-sow-editor so-widget-sow-editor-base\"\n\t\t\t\n\t\t><h4 class=\"widget-title\">Horaires d\u2019ouverture<\/h4>\n<div class=\"siteorigin-widget-tinymce textwidget\">\n\t<p>lundi - vendredi<br \/>08:00 \u2013 12:00\u00a0<br \/>13:00 \u2013 17:00\u00a0<\/p>\n<\/div>\n<\/div><\/div><\/div><\/div><div id=\"pgc-156-1-2\"  class=\"panel-grid-cell\" ><div id=\"panel-156-1-2-0\" class=\"so-panel widget widget_sow-editor panel-first-child panel-last-child\" data-index=\"3\" ><div class=\"text-left panel-widget-style panel-widget-style-for-156-1-2-0\" ><div\n\t\t\t\n\t\t\tclass=\"so-widget-sow-editor so-widget-sow-editor-base\"\n\t\t\t\n\t\t><h4 class=\"widget-title\">Liens<\/h4>\n<div class=\"siteorigin-widget-tinymce textwidget\">\n\t<p><a class=\"no-underline\" href=\"https:\/\/www.finncomfort.ch\/\" target=\"_blank\" rel=\"noopener noreferrer\">finncomfort.ch<\/a><br \/>\n<a class=\"no-underline\" href=\"https:\/\/www.xeleroshoes.ch\/\" target=\"_blank\" rel=\"noopener noreferrer\">xeleroshoes.ch<\/a><\/p>\n<\/div>\n<\/div><\/div><\/div><\/div><div id=\"pgc-156-1-3\"  class=\"panel-grid-cell\" ><div id=\"panel-156-1-3-0\" class=\"so-panel widget widget_sow-editor panel-first-child panel-last-child\" data-index=\"4\" ><div class=\"text-left panel-widget-style panel-widget-style-for-156-1-3-0\" ><div\n\t\t\t\n\t\t\tclass=\"so-widget-sow-editor so-widget-sow-editor-base\"\n\t\t\t\n\t\t><h4 class=\"widget-title\">Adh\u00e9sions<\/h4>\n<div class=\"siteorigin-widget-tinymce textwidget\">\n\t<p><a href=\"https:\/\/www.swiss-medtech.ch\/\" target=\"_blank\" rel=\"noopener\">Swiss Medtech<\/a><\/p>\n<\/div>\n<\/div><\/div><\/div><\/div><\/div><\/div><\/div>","protected":false},"excerpt":{"rendered":"<p>Vous avez des questions ou souhaitez nous faire part de suggestions?Vous pouvez nous contacter par t\u00e9l\u00e9phone au num\u00e9ro +41 62 887 45 00 ou en utilisant notre formulaire de contact. Nous vous remercions d&rsquo;ores et d\u00e9j\u00e0 de vos messages. Panoramaweg 35 5504 Othmarsingen Suisse T +41 62 887 45 00 F +41 62 887 45 &hellip; <a href=\"https:\/\/freyortho.ch\/fr\/contact\/\" class=\"more-link\">Continuer la lecture<span class=\"screen-reader-text\"> de &laquo;&nbsp;Contact&nbsp;&raquo;<\/span><\/a><\/p>\n","protected":false},"author":1,"featured_media":0,"parent":0,"menu_order":0,"comment_status":"closed","ping_status":"closed","template":"","meta":{"_acf_changed":false,"footnotes":""},"class_list":["post-156","page","type-page","status-publish","hentry"],"acf":[],"_links":{"self":[{"href":"https:\/\/freyortho.ch\/fr\/wp-json\/wp\/v2\/pages\/156","targetHints":{"allow":["GET"]}}],"collection":[{"href":"https:\/\/freyortho.ch\/fr\/wp-json\/wp\/v2\/pages"}],"about":[{"href":"https:\/\/freyortho.ch\/fr\/wp-json\/wp\/v2\/types\/page"}],"author":[{"embeddable":true,"href":"https:\/\/freyortho.ch\/fr\/wp-json\/wp\/v2\/users\/1"}],"replies":[{"embeddable":true,"href":"https:\/\/freyortho.ch\/fr\/wp-json\/wp\/v2\/comments?post=156"}],"version-history":[{"count":14,"href":"https:\/\/freyortho.ch\/fr\/wp-json\/wp\/v2\/pages\/156\/revisions"}],"predecessor-version":[{"id":7704,"href":"https:\/\/freyortho.ch\/fr\/wp-json\/wp\/v2\/pages\/156\/revisions\/7704"}],"wp:attachment":[{"href":"https:\/\/freyortho.ch\/fr\/wp-json\/wp\/v2\/media?parent=156"}],"curies":[{"name":"wp","href":"https:\/\/api.w.org\/{rel}","templated":true}]}}