{"id":168,"date":"2017-05-30T07:31:51","date_gmt":"2017-05-30T07:31:51","guid":{"rendered":"http:\/\/www.freyortho.ch\/lernen-sie-uns-kennen\/"},"modified":"2021-08-11T09:58:18","modified_gmt":"2021-08-11T09:58:18","slug":"a-propos-de-nous","status":"publish","type":"page","link":"https:\/\/freyortho.ch\/fr\/a-propos-de-nous\/","title":{"rendered":"\u00c0 propos de nous"},"content":{"rendered":"<div id=\"pl-168\"  class=\"panel-layout\" ><div id=\"pg-168-0\"  class=\"panel-grid panel-no-style\" ><div id=\"pgc-168-0-0\"  class=\"panel-grid-cell\" ><div id=\"panel-168-0-0-0\" class=\"so-panel widget widget_sow-editor panel-first-child panel-last-child\" data-index=\"0\" ><div\n\t\t\t\n\t\t\tclass=\"so-widget-sow-editor so-widget-sow-editor-base\"\n\t\t\t\n\t\t>\n<div class=\"siteorigin-widget-tinymce textwidget\">\n\t<h2>En 1972, Roland Frey cr\u00e9ait sa soci\u00e9t\u00e9 commerciale \u00e0 Othmarsingen. Pr\u00e8s d\u2019un demi-si\u00e8cle plus tard, l\u2019entreprise familiale compte parmi les principaux fournisseurs en articles orthop\u00e9diques sur le march\u00e9 suisse. La nouvelle construction du site principal en 1992 confirmait la croissance durable de l\u2019entreprise. Peu apr\u00e8s le passage de l\u2019entreprise du statut d\u2019entreprise individuelle \u00e0 celui de soci\u00e9t\u00e9 par actions en 1995, la seconde g\u00e9n\u00e9ration de la famille Frey reprenait les rennes de l\u2019entreprise.<\/h2>\n<h2>Aujourd\u2019hui, l\u2019\u00e9quipe de Frey Orthop\u00e4die-Bedarf AG regroupe 18 personnes dans les services suivants:<\/h2>\n<div class=\"accordion accordion-team\"><div id=\"acc-panel-1\" class=\"accordion-panel closed\">\n\n    <h5>Direction<span class=\"txdc\"><\/span><\/h5>\n\n    <div class=\"accordion-content\">\n\n      <div class=\"team-wrapper\">\n\n        <div class=\"row\"><div class=\"col-xs-12 col-sm-6 col-md-3\">\n\n            <div class=\"team-wrap\">\n\n              <p class=\"team-image\"> <img decoding=\"async\" src=\"https:\/\/freyortho.ch\/wp-content\/uploads\/2017\/06\/FreyJun.jpg\" alt=\"\" \/> <\/p>\n\n              <h4>Roland William Frey<\/h4>\n\n              <p>Membre de la direction Orthop\u00e9die<br \/>\n\n               \t<a href=\"tel:+41 62 887 45 00\">+41 62 887 45 00<\/a><br \/>\n\n\t\t\t\t<a href=\"tel:\"><\/a><br \/>\n\n\t\t\t\t<a href=\"mailto:info@freyortho.ch\">info@freyortho.ch<\/a><br \/>\n\n                <a href=\"https:\/\/freyortho.ch\/wp-content\/themes\/frey\/vcard.php?v=c&n=Roland William Frey&ps=Membre de la direction Orthop\u00e9die&p=+41 62 887 45 00&pd=&em=info@freyortho.ch&fn=Roland William &fmn=Frey&u=https:\/\/freyortho.ch\" class=\"v-card\">V-Card<\/a><\/p>\n\n              <ul class=\"social-icons\"><\/ul><\/div><\/div><div class=\"col-xs-12 col-sm-6 col-md-3\">\n\n            <div class=\"team-wrap\">\n\n              <p class=\"team-image\"> <img decoding=\"async\" src=\"https:\/\/freyortho.ch\/wp-content\/uploads\/2017\/06\/Portrait_Web_2026_Frau-Frey_002.jpg\" alt=\"\" \/> <\/p>\n\n              <h4>Erica Frey M\u00fcller<\/h4>\n\n              <p>Membre de la direction service interne<br \/>\n\n               \t<a href=\"tel:+41 62 887 45 00\">+41 62 887 45 00<\/a><br \/>\n\n\t\t\t\t<a href=\"tel:\"><\/a><br \/>\n\n\t\t\t\t<a href=\"mailto:info@freyortho.ch\">info@freyortho.ch<\/a><br \/>\n\n                <a href=\"https:\/\/freyortho.ch\/wp-content\/themes\/frey\/vcard.php?v=c&n=Erica Frey M\u00fcller&ps=Membre de la direction service interne&p=+41 62 887 45 00&pd=&em=info@freyortho.ch&fn=Erica &fmn=Frey M\u00fcller&u=https:\/\/freyortho.ch\" class=\"v-card\">V-Card<\/a><\/p>\n\n              <ul class=\"social-icons\"><\/ul><\/div><\/div><div class=\"col-xs-12 col-sm-6 col-md-3\">\n\n            <div class=\"team-wrap\">\n\n              <p class=\"team-image\"> <img decoding=\"async\" src=\"https:\/\/freyortho.ch\/wp-content\/uploads\/2017\/06\/MoorFrey.jpg\" alt=\"\" \/> <\/p>\n\n              <h4>Frances Moor-Frey<\/h4>\n\n              <p>Membre de la direction Chaussures<br \/>\n\n               \t<a href=\"tel:+41 62 887 45 00\">+41 62 887 45 00<\/a><br \/>\n\n\t\t\t\t<a href=\"tel:\"><\/a><br \/>\n\n\t\t\t\t<a href=\"mailto:info@freyortho.ch\">info@freyortho.ch<\/a><br \/>\n\n                <a href=\"https:\/\/freyortho.ch\/wp-content\/themes\/frey\/vcard.php?v=c&n=Frances Moor-Frey&ps=Membre de la direction Chaussures&p=+41 62 887 45 00&pd=&em=info@freyortho.ch&fn=Frances&fmn=Moor-Frey&u=https:\/\/freyortho.ch\" class=\"v-card\">V-Card<\/a><\/p>\n\n              <ul class=\"social-icons\"><\/ul><\/div><\/div><\/div><\/div><\/div><\/div><div id=\"acc-panel-2\" class=\"accordion-panel closed\">\n\n    <h5>D\u00e9l\u00e9gu\u00e9s<span class=\"txdc\"><\/span><\/h5>\n\n    <div class=\"accordion-content\">\n\n      <div class=\"team-wrapper\">\n\n        <div class=\"row\"><div class=\"col-xs-12 col-sm-6 col-md-3\">\n\n            <div class=\"team-wrap\">\n\n              <p class=\"team-image\"> <img decoding=\"async\" src=\"https:\/\/freyortho.ch\/wp-content\/uploads\/2017\/06\/Hang.jpg\" alt=\"\" \/> <\/p>\n\n              <h4>Wolfram Hang<\/h4>\n\n              <p>Responsable ventes Orthop\u00e9die<br \/>\n\n               \t<a href=\"tel:+41 62 887 45 00\">+41 62 887 45 00<\/a><br \/>\n\n\t\t\t\t<a href=\"tel:+41 79 794 83 19\">+41 79 794 83 19<\/a><br \/>\n\n\t\t\t\t<a href=\"mailto:w.hang@freyortho.ch\">w.hang@freyortho.ch<\/a><br \/>\n\n                <a href=\"https:\/\/freyortho.ch\/wp-content\/themes\/frey\/vcard.php?v=c&n=Wolfram Hang&ps=Responsable ventes Orthop\u00e9die&p=+41 62 887 45 00&pd=+41 79 794 83 19&em=w.hang@freyortho.ch&fn=Wolfram&fmn=Hang&u=https:\/\/freyortho.ch\" class=\"v-card\">V-Card<\/a><\/p>\n\n              <ul class=\"social-icons\"><\/ul><\/div><\/div><div class=\"col-xs-12 col-sm-6 col-md-3\">\n\n            <div class=\"team-wrap\">\n\n              <p class=\"team-image\"> <img decoding=\"async\" src=\"https:\/\/freyortho.ch\/wp-content\/uploads\/2017\/06\/BRUNO_600PX.jpg\" alt=\"\" \/> <\/p>\n\n              <h4>Alessandro Bruno<\/h4>\n\n              <p>Repr\u00e9sentant Orthop\u00e9die<br \/>\n\n               \t<a href=\"tel:+41 62 887 45 00\">+41 62 887 45 00<\/a><br \/>\n\n\t\t\t\t<a href=\"tel:+41 76 418 11 29\">+41 76 418 11 29<\/a><br \/>\n\n\t\t\t\t<a href=\"mailto:a.bruno@freyortho.ch\">a.bruno@freyortho.ch<\/a><br \/>\n\n                <a href=\"https:\/\/freyortho.ch\/wp-content\/themes\/frey\/vcard.php?v=c&n=Alessandro Bruno&ps=Repr\u00e9sentant Orthop\u00e9die&p=+41 62 887 45 00&pd=+41 76 418 11 29&em=a.bruno@freyortho.ch&fn=Alessandro&fmn=Bruno&u=https:\/\/freyortho.ch\" class=\"v-card\">V-Card<\/a><\/p>\n\n              <ul class=\"social-icons\"><\/ul><\/div><\/div><div class=\"col-xs-12 col-sm-6 col-md-3\">\n\n            <div class=\"team-wrap\">\n\n              <p class=\"team-image\"> <img decoding=\"async\" src=\"https:\/\/freyortho.ch\/wp-content\/uploads\/2024\/06\/Portrait_Web_2023_Ausschnitt_Avatar_600_II.jpg\" alt=\"\" \/> <\/p>\n\n              <h4>Florian Hang<\/h4>\n\n              <p>Repr\u00e9sentant Orthop\u00e9die<br \/>\n\n               \t<a href=\"tel:+41 62 887 45 00\">+41 62 887 45 00<\/a><br \/>\n\n\t\t\t\t<a href=\"tel:+41 79 886 61 96\">+41 79 886 61 96<\/a><br \/>\n\n\t\t\t\t<a href=\"mailto:f.hang@freyortho.ch\">f.hang@freyortho.ch<\/a><br \/>\n\n                <a href=\"https:\/\/freyortho.ch\/wp-content\/themes\/frey\/vcard.php?v=c&n=Florian Hang&ps=Repr\u00e9sentant Orthop\u00e9die&p=+41 62 887 45 00&pd=+41 79 886 61 96&em=f.hang@freyortho.ch&fn=Florian&fmn=Hang&u=https:\/\/freyortho.ch\" class=\"v-card\">V-Card<\/a><\/p>\n\n              <ul class=\"social-icons\"><\/ul><\/div><\/div><div class=\"col-xs-12 col-sm-6 col-md-3\">\n\n            <div class=\"team-wrap\">\n\n              <p class=\"team-image\"> <img decoding=\"async\" src=\"https:\/\/freyortho.ch\/wp-content\/uploads\/2017\/06\/schmid.jpg\" alt=\"\" \/> <\/p>\n\n              <h4>Thomas Schmid<\/h4>\n\n              <p>Repr\u00e9sentant Chaussures<br \/>\n\n               \t<a href=\"tel:+41 62 887 45 00\">+41 62 887 45 00<\/a><br \/>\n\n\t\t\t\t<a href=\"tel:+41 79 442 24 25\">+41 79 442 24 25<\/a><br \/>\n\n\t\t\t\t<a href=\"mailto: t.schmid@freyshoes.ch\"> t.schmid@freyshoes.ch<\/a><br \/>\n\n                <a href=\"https:\/\/freyortho.ch\/wp-content\/themes\/frey\/vcard.php?v=c&n=Thomas Schmid&ps=Repr\u00e9sentant Chaussures&p=+41 62 887 45 00&pd=+41 79 442 24 25&em= t.schmid@freyshoes.ch&fn=Thomas &fmn=Schmid&u=https:\/\/freyortho.ch\" class=\"v-card\">V-Card<\/a><\/p>\n\n              <ul class=\"social-icons\"><\/ul><\/div><\/div><\/div><\/div><\/div><\/div><div id=\"acc-panel-3\" class=\"accordion-panel closed\">\n\n    <h5>Service client\u00e8le<span class=\"txdc\"><\/span><\/h5>\n\n    <div class=\"accordion-content\">\n\n      <div class=\"team-wrapper\">\n\n        <div class=\"row\"><div class=\"col-xs-12 col-sm-6 col-md-3\">\n\n            <div class=\"team-wrap\">\n\n              <p class=\"team-image\"> <img decoding=\"async\" src=\"https:\/\/freyortho.ch\/wp-content\/uploads\/2017\/06\/Panic.jpg\" alt=\"\" \/> <\/p>\n\n              <h4>Igor Panic<\/h4>\n\n              <p>Conseil clients<br \/>\n\n               \t<a href=\"tel:+41 62 887 45 06\">+41 62 887 45 06<\/a><br \/>\n\n\t\t\t\t<a href=\"tel:\"><\/a><br \/>\n\n\t\t\t\t<a href=\"mailto:order@freyortho.ch\">order@freyortho.ch<\/a><br \/>\n\n                <a href=\"https:\/\/freyortho.ch\/wp-content\/themes\/frey\/vcard.php?v=c&n=Igor Panic&ps=Conseil clients&p=+41 62 887 45 06&pd=&em=order@freyortho.ch&fn=Igor&fmn=Panic&u=https:\/\/freyortho.ch\" class=\"v-card\">V-Card<\/a><\/p>\n\n              <ul class=\"social-icons\"><\/ul><\/div><\/div><div class=\"col-xs-12 col-sm-6 col-md-3\">\n\n            <div class=\"team-wrap\">\n\n              <p class=\"team-image\"> <img decoding=\"async\" src=\"https:\/\/freyortho.ch\/wp-content\/uploads\/2025\/07\/Portrait_Web_2026_Bjoern.jpg\" alt=\"\" \/> <\/p>\n\n              <h4>Bj\u00f6rn Sand<\/h4>\n\n              <p>Responsable des ventes<br \/>\n\n               \t<a href=\"tel:+41 62 887 45 04\">+41 62 887 45 04<\/a><br \/>\n\n\t\t\t\t<a href=\"tel:\"><\/a><br \/>\n\n\t\t\t\t<a href=\"mailto:info@freyortho.ch\">info@freyortho.ch<\/a><br \/>\n\n                <a href=\"https:\/\/freyortho.ch\/wp-content\/themes\/frey\/vcard.php?v=c&n=Bj\u00f6rn Sand&ps=Responsable des ventes&p=+41 62 887 45 04&pd=&em=info@freyortho.ch&fn=Bj\u00f6rn&fmn=Sand&u=https:\/\/freyortho.ch\" class=\"v-card\">V-Card<\/a><\/p>\n\n              <ul class=\"social-icons\"><\/ul><\/div><\/div><div class=\"col-xs-12 col-sm-6 col-md-3\">\n\n            <div class=\"team-wrap\">\n\n              <p class=\"team-image\"> <img decoding=\"async\" src=\"https:\/\/freyortho.ch\/wp-content\/uploads\/2017\/06\/VAIDE_web_600-1.jpg\" alt=\"\" \/> <\/p>\n\n              <h4>Vaide Shoshaj<\/h4>\n\n              <p>Responsable adjoint ventes Chaussures <br \/>\n\n               \t<a href=\"tel:+41 62 887 45 07\">+41 62 887 45 07<\/a><br \/>\n\n\t\t\t\t<a href=\"tel:\"><\/a><br \/>\n\n\t\t\t\t<a href=\"mailto:sales@freyshoes.ch\">sales@freyshoes.ch<\/a><br \/>\n\n                <a href=\"https:\/\/freyortho.ch\/wp-content\/themes\/frey\/vcard.php?v=c&n=Vaide Shoshaj&ps=Responsable adjoint ventes Chaussures &p=+41 62 887 45 07&pd=&em=sales@freyshoes.ch&fn=Vaide&fmn=Shoshaj&u=https:\/\/freyortho.ch\" class=\"v-card\">V-Card<\/a><\/p>\n\n              <ul class=\"social-icons\"><\/ul><\/div><\/div><\/div><\/div><\/div><\/div><div id=\"acc-panel-4\" class=\"accordion-panel closed\">\n\n    <h5>Logistic<span class=\"txdc\"><\/span><\/h5>\n\n    <div class=\"accordion-content\">\n\n      <div class=\"team-wrapper\">\n\n        <div class=\"row\"><div class=\"col-xs-12 col-sm-6 col-md-3\">\n\n            <div class=\"team-wrap\">\n\n              <p class=\"team-image\"> <img decoding=\"async\" src=\"https:\/\/freyortho.ch\/wp-content\/uploads\/2017\/06\/Portrait_Web_2026_Ali_001.jpg\" alt=\"\" \/> <\/p>\n\n              <h4>Ahmet Ali Soy<\/h4>\n\n              <p>Responsable logistique<br \/>\n\n               \t<a href=\"tel:+41 62 887 45 13\">+41 62 887 45 13<\/a><br \/>\n\n\t\t\t\t<a href=\"tel:\"><\/a><br \/>\n\n\t\t\t\t<a href=\"mailto:logistics@freyortho.ch\">logistics@freyortho.ch<\/a><br \/>\n\n                <a href=\"https:\/\/freyortho.ch\/wp-content\/themes\/frey\/vcard.php?v=c&n=Ahmet Ali Soy&ps=Responsable logistique&p=+41 62 887 45 13&pd=&em=logistics@freyortho.ch&fn=Ahmet Ali&fmn=Soy&u=https:\/\/freyortho.ch\" class=\"v-card\">V-Card<\/a><\/p>\n\n              <ul class=\"social-icons\"><\/ul><\/div><\/div><div class=\"col-xs-12 col-sm-6 col-md-3\">\n\n            <div class=\"team-wrap\">\n\n              <p class=\"team-image\"> <img decoding=\"async\" src=\"https:\/\/freyortho.ch\/wp-content\/uploads\/2017\/06\/Portrait_Web_2026_Mohamad.jpg\" alt=\"\" \/> <\/p>\n\n              <h4>Mohamad Dawod Ahmadi<\/h4>\n\n              <p>Responsable adjoint de la logistique<br \/>\n\n               \t<a href=\"tel:+41 62 887 45 13\">+41 62 887 45 13<\/a><br \/>\n\n\t\t\t\t<a href=\"tel:\"><\/a><br \/>\n\n\t\t\t\t<a href=\"mailto:logistics@freyortho.ch\">logistics@freyortho.ch<\/a><br \/>\n\n                <a href=\"https:\/\/freyortho.ch\/wp-content\/themes\/frey\/vcard.php?v=c&n=Mohamad Dawod Ahmadi&ps=Responsable adjoint de la logistique&p=+41 62 887 45 13&pd=&em=logistics@freyortho.ch&fn=Mohamad&fmn=Ahmadi&u=https:\/\/freyortho.ch\" class=\"v-card\">V-Card<\/a><\/p>\n\n              <ul class=\"social-icons\"><\/ul><\/div><\/div><div class=\"col-xs-12 col-sm-6 col-md-3\">\n\n            <div class=\"team-wrap\">\n\n              <p class=\"team-image\"> <img decoding=\"async\" src=\"https:\/\/freyortho.ch\/wp-content\/uploads\/2017\/06\/Portrait_Web_2026_Sandro.jpg\" alt=\"\" \/> <\/p>\n\n              <h4>Sandro Martino<\/h4>\n\n              <p>Logistique<br \/>\n\n               \t<a href=\"tel:\"><\/a><br \/>\n\n\t\t\t\t<a href=\"tel:\"><\/a><br \/>\n\n\t\t\t\t<a href=\"mailto:\"><\/a><br \/>\n\n                <a href=\"https:\/\/freyortho.ch\/wp-content\/themes\/frey\/vcard.php?v=c&n=Sandro Martino&ps=Logistique&p=&pd=&em=&fn=Sandro&fmn=Martino&u=https:\/\/freyortho.ch\" class=\"v-card\">V-Card<\/a><\/p>\n\n              <ul class=\"social-icons\"><\/ul><\/div><\/div><div class=\"col-xs-12 col-sm-6 col-md-3\">\n\n            <div class=\"team-wrap\">\n\n              <p class=\"team-image\"> <img decoding=\"async\" src=\"https:\/\/freyortho.ch\/wp-content\/uploads\/2024\/06\/Portrait_Web_2023_Ausschnitt_Avatar_600_II.jpg\" alt=\"\" \/> <\/p>\n\n              <h4>Haris Velispahic<\/h4>\n\n              <p>Logistique<br \/>\n\n               \t<a href=\"tel:\"><\/a><br \/>\n\n\t\t\t\t<a href=\"tel:\"><\/a><br \/>\n\n\t\t\t\t<a href=\"mailto:\"><\/a><br \/>\n\n                <a href=\"https:\/\/freyortho.ch\/wp-content\/themes\/frey\/vcard.php?v=c&n=Haris Velispahic&ps=Logistique&p=&pd=&em=&fn=Haris&fmn=Velispahic&u=https:\/\/freyortho.ch\" class=\"v-card\">V-Card<\/a><\/p>\n\n              <ul class=\"social-icons\"><\/ul><\/div><\/div><div class=\"col-xs-12 col-sm-6 col-md-3\">\n\n            <div class=\"team-wrap\">\n\n              <p class=\"team-image\"> <img decoding=\"async\" src=\"https:\/\/freyortho.ch\/wp-content\/uploads\/2025\/09\/Portrait_Web_2026_Eljana_001.jpg\" alt=\"\" \/> <\/p>\n\n              <h4>Eljana Mazrekaj<\/h4>\n\n              <p>Apprentie logistique<br \/>\n\n               \t<a href=\"tel:\"><\/a><br \/>\n\n\t\t\t\t<a href=\"tel:\"><\/a><br \/>\n\n\t\t\t\t<a href=\"mailto:\"><\/a><br \/>\n\n                <a href=\"https:\/\/freyortho.ch\/wp-content\/themes\/frey\/vcard.php?v=c&n=Eljana Mazrekaj&ps=Apprentie logistique&p=&pd=&em=&fn=Eljana&fmn=Mazrekaj&u=https:\/\/freyortho.ch\" class=\"v-card\">V-Card<\/a><\/p>\n\n              <ul class=\"social-icons\"><\/ul><\/div><\/div><div class=\"col-xs-12 col-sm-6 col-md-3\">\n\n            <div class=\"team-wrap\">\n\n              <p class=\"team-image\"> <img decoding=\"async\" src=\"https:\/\/freyortho.ch\/wp-content\/uploads\/2025\/09\/Portrait_Web_2026_Miran_001.jpg\" alt=\"\" \/> <\/p>\n\n              <h4>Miran Besun<\/h4>\n\n              <p>Apprentie logistique<br \/>\n\n               \t<a href=\"tel:\"><\/a><br \/>\n\n\t\t\t\t<a href=\"tel:\"><\/a><br \/>\n\n\t\t\t\t<a href=\"mailto:\"><\/a><br \/>\n\n                <a href=\"https:\/\/freyortho.ch\/wp-content\/themes\/frey\/vcard.php?v=c&n=Miran Besun&ps=Apprentie logistique&p=&pd=&em=&fn=Miran&fmn=Besun&u=https:\/\/freyortho.ch\" class=\"v-card\">V-Card<\/a><\/p>\n\n              <ul class=\"social-icons\"><\/ul><\/div><\/div><div class=\"col-xs-12 col-sm-6 col-md-3\">\n\n            <div class=\"team-wrap\">\n\n              <p class=\"team-image\"> <img decoding=\"async\" src=\"https:\/\/freyortho.ch\/wp-content\/uploads\/2025\/09\/Portrait_Web_2026_Djordje.jpg\" alt=\"\" \/> <\/p>\n\n              <h4>Djordje Zoranovic<\/h4>\n\n              <p>Apprentie logistique<br \/>\n\n               \t<a href=\"tel:\"><\/a><br \/>\n\n\t\t\t\t<a href=\"tel:\"><\/a><br \/>\n\n\t\t\t\t<a href=\"mailto:\"><\/a><br \/>\n\n                <a href=\"https:\/\/freyortho.ch\/wp-content\/themes\/frey\/vcard.php?v=c&n=Djordje Zoranovic&ps=Apprentie logistique&p=&pd=&em=&fn=Djordje&fmn=Zoranovic&u=https:\/\/freyortho.ch\" class=\"v-card\">V-Card<\/a><\/p>\n\n              <ul class=\"social-icons\"><\/ul><\/div><\/div><\/div><\/div><\/div><\/div><div id=\"acc-panel-5\" class=\"accordion-panel closed\">\n\n    <h5>Gestion des produits<span class=\"txdc\"><\/span><\/h5>\n\n    <div class=\"accordion-content\">\n\n      <div class=\"team-wrapper\">\n\n        <div class=\"row\"><div class=\"col-xs-12 col-sm-6 col-md-3\">\n\n            <div class=\"team-wrap\">\n\n              <p class=\"team-image\"> <img decoding=\"async\" src=\"https:\/\/freyortho.ch\/wp-content\/uploads\/2017\/06\/Portrait_Web_2023_Ausschnitt_FrancescaCazzato_600.jpg\" alt=\"\" \/> <\/p>\n\n              <h4>Francesca Cazzato<\/h4>\n\n              <p>Gestion des produits<br \/>\n\n               \t<a href=\"tel:+41 62 887 45 00\">+41 62 887 45 00<\/a><br \/>\n\n\t\t\t\t<a href=\"tel:\"><\/a><br \/>\n\n\t\t\t\t<a href=\"mailto:\"><\/a><br \/>\n\n                <a href=\"https:\/\/freyortho.ch\/wp-content\/themes\/frey\/vcard.php?v=c&n=Francesca Cazzato&ps=Gestion des produits&p=+41 62 887 45 00&pd=&em=&fn=Francesca&fmn=Cazzato&u=https:\/\/freyortho.ch\" class=\"v-card\">V-Card<\/a><\/p>\n\n              <ul class=\"social-icons\"><\/ul><\/div><\/div><div class=\"col-xs-12 col-sm-6 col-md-3\">\n\n            <div class=\"team-wrap\">\n\n              <p class=\"team-image\"> <img decoding=\"async\" src=\"https:\/\/freyortho.ch\/wp-content\/uploads\/2022\/05\/EVA_web_600.jpg\" alt=\"\" \/> <\/p>\n\n              <h4>Eva St\u00f6rzbach<\/h4>\n\n              <p>Gestion des donn\u00e9es de base MDR<br \/>\n\n               \t<a href=\"tel: +41 62 887 45 00\"> +41 62 887 45 00<\/a><br \/>\n\n\t\t\t\t<a href=\"tel:\"><\/a><br \/>\n\n\t\t\t\t<a href=\"mailto:\"><\/a><br \/>\n\n                <a href=\"https:\/\/freyortho.ch\/wp-content\/themes\/frey\/vcard.php?v=c&n=Eva St\u00f6rzbach&ps=Gestion des donn\u00e9es de base MDR&p= +41 62 887 45 00&pd=&em=&fn=Eva&fmn=St\u00f6rzbach&u=https:\/\/freyortho.ch\" class=\"v-card\">V-Card<\/a><\/p>\n\n              <ul class=\"social-icons\"><\/ul><\/div><\/div><div class=\"col-xs-12 col-sm-6 col-md-3\">\n\n            <div class=\"team-wrap\">\n\n              <p class=\"team-image\"> <img decoding=\"async\" src=\"https:\/\/freyortho.ch\/wp-content\/uploads\/2019\/10\/vladisavljevic.jpg\" alt=\"\" \/> <\/p>\n\n              <h4>Sandra Vladisavljevic<\/h4>\n\n              <p>Gestion des donn\u00e9es de base<br \/>\n\n               \t<a href=\"tel:+41 62 887 45 00\">+41 62 887 45 00<\/a><br \/>\n\n\t\t\t\t<a href=\"tel:\"><\/a><br \/>\n\n\t\t\t\t<a href=\"mailto:\"><\/a><br \/>\n\n                <a href=\"https:\/\/freyortho.ch\/wp-content\/themes\/frey\/vcard.php?v=c&n=Sandra Vladisavljevic&ps=Gestion des donn\u00e9es de base&p=+41 62 887 45 00&pd=&em=&fn=Sandra&fmn=Vladisavljevic&u=https:\/\/freyortho.ch\" class=\"v-card\">V-Card<\/a><\/p>\n\n              <ul class=\"social-icons\"><\/ul><\/div><\/div><\/div><\/div><\/div><\/div><div id=\"acc-panel-6\" class=\"accordion-panel closed\">\n\n    <h5>Comptabilit\u00e9<span class=\"txdc\"><\/span><\/h5>\n\n    <div class=\"accordion-content\">\n\n      <div class=\"team-wrapper\">\n\n        <div class=\"row\"><div class=\"col-xs-12 col-sm-6 col-md-3\">\n\n            <div class=\"team-wrap\">\n\n              <p class=\"team-image\"> <img decoding=\"async\" src=\"https:\/\/freyortho.ch\/wp-content\/uploads\/2017\/06\/RENATA_web_600-3.jpg\" alt=\"\" \/> <\/p>\n\n              <h4>Renata M\u00fcller-Keppler<\/h4>\n\n              <p>Responsable comptabilit\u00e9<br \/>\n\n               \t<a href=\"tel:+41 62 887 45 10\">+41 62 887 45 10<\/a><br \/>\n\n\t\t\t\t<a href=\"tel:\"><\/a><br \/>\n\n\t\t\t\t<a href=\"mailto:\"><\/a><br \/>\n\n                <a href=\"https:\/\/freyortho.ch\/wp-content\/themes\/frey\/vcard.php?v=c&n=Renata M\u00fcller-Keppler&ps=Responsable comptabilit\u00e9&p=+41 62 887 45 10&pd=&em=&fn=Renata&fmn=M\u00fcller-Keppler&u=https:\/\/freyortho.ch\" class=\"v-card\">V-Card<\/a><\/p>\n\n              <ul class=\"social-icons\"><\/ul><\/div><\/div><div class=\"col-xs-12 col-sm-6 col-md-3\">\n\n            <div class=\"team-wrap\">\n\n              <p class=\"team-image\"> <img decoding=\"async\" src=\"https:\/\/freyortho.ch\/wp-content\/uploads\/2017\/06\/Portrait_Web_2023_Ausschnitt_Avatar_600.jpg\" alt=\"\" \/> <\/p>\n\n              <h4>Ursula Kuster<\/h4>\n\n              <p>Comptabilit\u00e9<br \/>\n\n               \t<a href=\"tel:+41 62 887 45 11\">+41 62 887 45 11<\/a><br \/>\n\n\t\t\t\t<a href=\"tel:\"><\/a><br \/>\n\n\t\t\t\t<a href=\"mailto:\"><\/a><br \/>\n\n                <a href=\"https:\/\/freyortho.ch\/wp-content\/themes\/frey\/vcard.php?v=c&n=Ursula Kuster&ps=Comptabilit\u00e9&p=+41 62 887 45 11&pd=&em=&fn=Ursula&fmn=Kuster&u=https:\/\/freyortho.ch\" class=\"v-card\">V-Card<\/a><\/p>\n\n              <ul class=\"social-icons\"><\/ul><\/div><\/div><\/div><\/div><\/div><\/div><\/div>\n<\/div>\n<\/div><\/div><\/div><\/div><\/div>","protected":false},"excerpt":{"rendered":"<p>En 1972, Roland Frey cr\u00e9ait sa soci\u00e9t\u00e9 commerciale \u00e0 Othmarsingen. Pr\u00e8s d\u2019un demi-si\u00e8cle plus tard, l\u2019entreprise familiale compte parmi les principaux fournisseurs en articles orthop\u00e9diques sur le march\u00e9 suisse. La nouvelle construction du site principal en 1992 confirmait la croissance durable de l\u2019entreprise. Peu apr\u00e8s le passage de l\u2019entreprise du statut d\u2019entreprise individuelle \u00e0 celui &hellip; <a href=\"https:\/\/freyortho.ch\/fr\/a-propos-de-nous\/\" class=\"more-link\">Continuer la lecture<span class=\"screen-reader-text\"> de &laquo;&nbsp;\u00c0 propos de nous&nbsp;&raquo;<\/span><\/a><\/p>\n","protected":false},"author":1,"featured_media":0,"parent":0,"menu_order":0,"comment_status":"closed","ping_status":"closed","template":"","meta":{"_acf_changed":false,"footnotes":""},"class_list":["post-168","page","type-page","status-publish","hentry"],"acf":[],"_links":{"self":[{"href":"https:\/\/freyortho.ch\/fr\/wp-json\/wp\/v2\/pages\/168","targetHints":{"allow":["GET"]}}],"collection":[{"href":"https:\/\/freyortho.ch\/fr\/wp-json\/wp\/v2\/pages"}],"about":[{"href":"https:\/\/freyortho.ch\/fr\/wp-json\/wp\/v2\/types\/page"}],"author":[{"embeddable":true,"href":"https:\/\/freyortho.ch\/fr\/wp-json\/wp\/v2\/users\/1"}],"replies":[{"embeddable":true,"href":"https:\/\/freyortho.ch\/fr\/wp-json\/wp\/v2\/comments?post=168"}],"version-history":[{"count":3,"href":"https:\/\/freyortho.ch\/fr\/wp-json\/wp\/v2\/pages\/168\/revisions"}],"predecessor-version":[{"id":2919,"href":"https:\/\/freyortho.ch\/fr\/wp-json\/wp\/v2\/pages\/168\/revisions\/2919"}],"wp:attachment":[{"href":"https:\/\/freyortho.ch\/fr\/wp-json\/wp\/v2\/media?parent=168"}],"curies":[{"name":"wp","href":"https:\/\/api.w.org\/{rel}","templated":true}]}}