{"id":169,"date":"2017-05-30T07:31:51","date_gmt":"2017-05-30T07:31:51","guid":{"rendered":"http:\/\/www.freyortho.ch\/lernen-sie-uns-kennen\/"},"modified":"2021-08-11T09:58:32","modified_gmt":"2021-08-11T09:58:32","slug":"venite-a-conoscerci","status":"publish","type":"page","link":"https:\/\/freyortho.ch\/it\/venite-a-conoscerci\/","title":{"rendered":"Venite a conoscerci"},"content":{"rendered":"<div id=\"pl-169\"  class=\"panel-layout\" ><div id=\"pg-169-0\"  class=\"panel-grid panel-no-style\" ><div id=\"pgc-169-0-0\"  class=\"panel-grid-cell\" ><div id=\"panel-169-0-0-0\" class=\"so-panel widget widget_sow-editor panel-first-child panel-last-child\" data-index=\"0\" ><div\n\t\t\t\n\t\t\tclass=\"so-widget-sow-editor so-widget-sow-editor-base\"\n\t\t\t\n\t\t>\n<div class=\"siteorigin-widget-tinymce textwidget\">\n\t<h2>Nel 1972, Roland Frey fond\u00f2 la societ\u00e0 commerciale con sede a Othmarsingen.  Quasi mezzo secolo pi\u00f9 tardi, l'azienda a conduzione familiare \u00e8 diventata uno dei maggiori fornitori di materiale ortopedico sul mercato svizzero. La costruzione della nuova sede principale nel 1992 rispecchia la continua crescita dell'azienda. Subito dopo la trasformazione da impresa individuale a societ\u00e0 per azioni nel 1995, la seconda generazione della famiglia Frey ha assunto la direzione dell'azienda.<\/h2>\n<h2>18 persone compongono oggi il team della Frey Orthop\u00e4die-Bedarf AG:<\/h2>\n<div class=\"accordion accordion-team\"><div id=\"acc-panel-1\" class=\"accordion-panel closed\">\n\n    <h5>Direzione<span class=\"txdc\"><\/span><\/h5>\n\n    <div class=\"accordion-content\">\n\n      <div class=\"team-wrapper\">\n\n        <div class=\"row\"><div class=\"col-xs-12 col-sm-6 col-md-3\">\n\n            <div class=\"team-wrap\">\n\n              <p class=\"team-image\"> <img decoding=\"async\" src=\"https:\/\/freyortho.ch\/wp-content\/uploads\/2017\/06\/FreyJun.jpg\" alt=\"\" \/> <\/p>\n\n              <h4>Roland William Frey<\/h4>\n\n              <p>Membro della direzione<br \/>\n\n               \t<a href=\"tel:+41 62 887 45 00\">+41 62 887 45 00<\/a><br \/>\n\n\t\t\t\t<a href=\"tel:\"><\/a><br \/>\n\n\t\t\t\t<a href=\"mailto:info@freyortho.ch\">info@freyortho.ch<\/a><br \/>\n\n                <a href=\"https:\/\/freyortho.ch\/wp-content\/themes\/frey\/vcard.php?v=c&n=Roland William Frey&ps=Membro della direzione&p=+41 62 887 45 00&pd=&em=info@freyortho.ch&fn=Roland William &fmn=Frey&u=https:\/\/freyortho.ch\" class=\"v-card\">V-Card<\/a><\/p>\n\n              <ul class=\"social-icons\"><\/ul><\/div><\/div><div class=\"col-xs-12 col-sm-6 col-md-3\">\n\n            <div class=\"team-wrap\">\n\n              <p class=\"team-image\"> <img decoding=\"async\" src=\"https:\/\/freyortho.ch\/wp-content\/uploads\/2017\/06\/Portrait_Web_2026_Frau-Frey_002.jpg\" alt=\"\" \/> <\/p>\n\n              <h4>Erica Frey M\u00fcller<\/h4>\n\n              <p>Membro della direzione<br \/>\n\n               \t<a href=\"tel:+41 62 887 45 00\">+41 62 887 45 00<\/a><br \/>\n\n\t\t\t\t<a href=\"tel:\"><\/a><br \/>\n\n\t\t\t\t<a href=\"mailto:info@freyortho.ch\">info@freyortho.ch<\/a><br \/>\n\n                <a href=\"https:\/\/freyortho.ch\/wp-content\/themes\/frey\/vcard.php?v=c&n=Erica Frey M\u00fcller&ps=Membro della direzione&p=+41 62 887 45 00&pd=&em=info@freyortho.ch&fn=Erica &fmn=Frey M\u00fcller&u=https:\/\/freyortho.ch\" class=\"v-card\">V-Card<\/a><\/p>\n\n              <ul class=\"social-icons\"><\/ul><\/div><\/div><div class=\"col-xs-12 col-sm-6 col-md-3\">\n\n            <div class=\"team-wrap\">\n\n              <p class=\"team-image\"> <img decoding=\"async\" src=\"https:\/\/freyortho.ch\/wp-content\/uploads\/2017\/06\/MoorFrey.jpg\" alt=\"\" \/> <\/p>\n\n              <h4>Frances Moor-Frey<\/h4>\n\n              <p>Membro della direzione<br \/>\n\n               \t<a href=\"tel:+41 62 887 45 00\">+41 62 887 45 00<\/a><br \/>\n\n\t\t\t\t<a href=\"tel:\"><\/a><br \/>\n\n\t\t\t\t<a href=\"mailto:info@freyortho.ch\">info@freyortho.ch<\/a><br \/>\n\n                <a href=\"https:\/\/freyortho.ch\/wp-content\/themes\/frey\/vcard.php?v=c&n=Frances Moor-Frey&ps=Membro della direzione&p=+41 62 887 45 00&pd=&em=info@freyortho.ch&fn=Frances&fmn=Moor-Frey&u=https:\/\/freyortho.ch\" class=\"v-card\">V-Card<\/a><\/p>\n\n              <ul class=\"social-icons\"><\/ul><\/div><\/div><\/div><\/div><\/div><\/div><div id=\"acc-panel-2\" class=\"accordion-panel closed\">\n\n    <h5>Vendita<span class=\"txdc\"><\/span><\/h5>\n\n    <div class=\"accordion-content\">\n\n      <div class=\"team-wrapper\">\n\n        <div class=\"row\"><div class=\"col-xs-12 col-sm-6 col-md-3\">\n\n            <div class=\"team-wrap\">\n\n              <p class=\"team-image\"> <img decoding=\"async\" src=\"https:\/\/freyortho.ch\/wp-content\/uploads\/2017\/06\/Hang.jpg\" alt=\"\" \/> <\/p>\n\n              <h4>Wolfram Hang<\/h4>\n\n              <p>Responsabile delle vendite ortopedia<br \/>\n\n               \t<a href=\"tel:+41 62 887 45 00\">+41 62 887 45 00<\/a><br \/>\n\n\t\t\t\t<a href=\"tel:+41 79 794 83 19\">+41 79 794 83 19<\/a><br \/>\n\n\t\t\t\t<a href=\"mailto:w.hang@freyortho.ch\">w.hang@freyortho.ch<\/a><br \/>\n\n                <a href=\"https:\/\/freyortho.ch\/wp-content\/themes\/frey\/vcard.php?v=c&n=Wolfram Hang&ps=Responsabile delle vendite ortopedia&p=+41 62 887 45 00&pd=+41 79 794 83 19&em=w.hang@freyortho.ch&fn=Wolfram&fmn=Hang&u=https:\/\/freyortho.ch\" class=\"v-card\">V-Card<\/a><\/p>\n\n              <ul class=\"social-icons\"><\/ul><\/div><\/div><div class=\"col-xs-12 col-sm-6 col-md-3\">\n\n            <div class=\"team-wrap\">\n\n              <p class=\"team-image\"> <img decoding=\"async\" src=\"https:\/\/freyortho.ch\/wp-content\/uploads\/2017\/06\/BRUNO_600PX.jpg\" alt=\"\" \/> <\/p>\n\n              <h4>Alessandro Bruno<\/h4>\n\n              <p>Rappresentante ortopedia<br \/>\n\n               \t<a href=\"tel:+41 62 887 45 00\">+41 62 887 45 00<\/a><br \/>\n\n\t\t\t\t<a href=\"tel:+41 76 418 11 29\">+41 76 418 11 29<\/a><br \/>\n\n\t\t\t\t<a href=\"mailto:a.bruno@freyortho.ch\">a.bruno@freyortho.ch<\/a><br \/>\n\n                <a href=\"https:\/\/freyortho.ch\/wp-content\/themes\/frey\/vcard.php?v=c&n=Alessandro Bruno&ps=Rappresentante ortopedia&p=+41 62 887 45 00&pd=+41 76 418 11 29&em=a.bruno@freyortho.ch&fn=Alessandro&fmn=Bruno&u=https:\/\/freyortho.ch\" class=\"v-card\">V-Card<\/a><\/p>\n\n              <ul class=\"social-icons\"><\/ul><\/div><\/div><div class=\"col-xs-12 col-sm-6 col-md-3\">\n\n            <div class=\"team-wrap\">\n\n              <p class=\"team-image\"> <img decoding=\"async\" src=\"https:\/\/freyortho.ch\/wp-content\/uploads\/2024\/06\/Portrait_Web_2023_Ausschnitt_Avatar_600_II.jpg\" alt=\"\" \/> <\/p>\n\n              <h4>Forian Hang<\/h4>\n\n              <p>Rappresentante ortopedia<br \/>\n\n               \t<a href=\"tel:+41 62 887 45 00\">+41 62 887 45 00<\/a><br \/>\n\n\t\t\t\t<a href=\"tel:+41 79 886 61 96\">+41 79 886 61 96<\/a><br \/>\n\n\t\t\t\t<a href=\"mailto:f.hang@freyortho.ch\">f.hang@freyortho.ch<\/a><br \/>\n\n                <a href=\"https:\/\/freyortho.ch\/wp-content\/themes\/frey\/vcard.php?v=c&n=Forian Hang&ps=Rappresentante ortopedia&p=+41 62 887 45 00&pd=+41 79 886 61 96&em=f.hang@freyortho.ch&fn=Florian &fmn=Hang&u=https:\/\/freyortho.ch\" class=\"v-card\">V-Card<\/a><\/p>\n\n              <ul class=\"social-icons\"><\/ul><\/div><\/div><div class=\"col-xs-12 col-sm-6 col-md-3\">\n\n            <div class=\"team-wrap\">\n\n              <p class=\"team-image\"> <img decoding=\"async\" src=\"https:\/\/freyortho.ch\/wp-content\/uploads\/2017\/06\/schmid.jpg\" alt=\"\" \/> <\/p>\n\n              <h4>Thomas Schmid<\/h4>\n\n              <p>Rappresentante scarpe<br \/>\n\n               \t<a href=\"tel:+41 62 887 45 00\">+41 62 887 45 00<\/a><br \/>\n\n\t\t\t\t<a href=\"tel:+41 79 442 24 25\">+41 79 442 24 25<\/a><br \/>\n\n\t\t\t\t<a href=\"mailto: t.schmid@freyshoes.ch\"> t.schmid@freyshoes.ch<\/a><br \/>\n\n                <a href=\"https:\/\/freyortho.ch\/wp-content\/themes\/frey\/vcard.php?v=c&n=Thomas Schmid&ps=Rappresentante scarpe&p=+41 62 887 45 00&pd=+41 79 442 24 25&em= t.schmid@freyshoes.ch&fn=Thomas&fmn=Schmid&u=https:\/\/freyortho.ch\" class=\"v-card\">V-Card<\/a><\/p>\n\n              <ul class=\"social-icons\"><\/ul><\/div><\/div><\/div><\/div><\/div><\/div><div id=\"acc-panel-3\" class=\"accordion-panel closed\">\n\n    <h5>Servizio clientela<span class=\"txdc\"><\/span><\/h5>\n\n    <div class=\"accordion-content\">\n\n      <div class=\"team-wrapper\">\n\n        <div class=\"row\"><div class=\"col-xs-12 col-sm-6 col-md-3\">\n\n            <div class=\"team-wrap\">\n\n              <p class=\"team-image\"> <img decoding=\"async\" src=\"https:\/\/freyortho.ch\/wp-content\/uploads\/2025\/07\/Portrait_Web_2026_Bjoern.jpg\" alt=\"\" \/> <\/p>\n\n              <h4>Bj\u00f6rn Sand<\/h4>\n\n              <p>Responsabile vendite<br \/>\n\n               \t<a href=\"tel:+41 62 887 45 04\">+41 62 887 45 04<\/a><br \/>\n\n\t\t\t\t<a href=\"tel:\"><\/a><br \/>\n\n\t\t\t\t<a href=\"mailto:info@freyortho.ch\">info@freyortho.ch<\/a><br \/>\n\n                <a href=\"https:\/\/freyortho.ch\/wp-content\/themes\/frey\/vcard.php?v=c&n=Bj\u00f6rn Sand&ps=Responsabile vendite&p=+41 62 887 45 04&pd=&em=info@freyortho.ch&fn=Bj\u00f6rn&fmn=Sand&u=https:\/\/freyortho.ch\" class=\"v-card\">V-Card<\/a><\/p>\n\n              <ul class=\"social-icons\"><\/ul><\/div><\/div><div class=\"col-xs-12 col-sm-6 col-md-3\">\n\n            <div class=\"team-wrap\">\n\n              <p class=\"team-image\"> <img decoding=\"async\" src=\"https:\/\/freyortho.ch\/wp-content\/uploads\/2017\/06\/Panic.jpg\" alt=\"\" \/> <\/p>\n\n              <h4>Igor Panic<\/h4>\n\n              <p>Servizio interno<br \/>\n\n               \t<a href=\"tel:+41 62 887 45 06\">+41 62 887 45 06<\/a><br \/>\n\n\t\t\t\t<a href=\"tel:\"><\/a><br \/>\n\n\t\t\t\t<a href=\"mailto:order@freyortho.ch\">order@freyortho.ch<\/a><br \/>\n\n                <a href=\"https:\/\/freyortho.ch\/wp-content\/themes\/frey\/vcard.php?v=c&n=Igor Panic&ps=Servizio interno&p=+41 62 887 45 06&pd=&em=order@freyortho.ch&fn=Igor&fmn=Panic&u=https:\/\/freyortho.ch\" class=\"v-card\">V-Card<\/a><\/p>\n\n              <ul class=\"social-icons\"><\/ul><\/div><\/div><div class=\"col-xs-12 col-sm-6 col-md-3\">\n\n            <div class=\"team-wrap\">\n\n              <p class=\"team-image\"> <img decoding=\"async\" src=\"https:\/\/freyortho.ch\/wp-content\/uploads\/2017\/06\/VAIDE_web_600-1.jpg\" alt=\"\" \/> <\/p>\n\n              <h4>Vaide Shoshaj<\/h4>\n\n              <p>Assistenza per la gestione delle vendite scarpe<br \/>\n\n               \t<a href=\"tel:+41 62 887 45 07\">+41 62 887 45 07<\/a><br \/>\n\n\t\t\t\t<a href=\"tel:\"><\/a><br \/>\n\n\t\t\t\t<a href=\"mailto:sales@freyshoes.ch\">sales@freyshoes.ch<\/a><br \/>\n\n                <a href=\"https:\/\/freyortho.ch\/wp-content\/themes\/frey\/vcard.php?v=c&n=Vaide Shoshaj&ps=Assistenza per la gestione delle vendite scarpe&p=+41 62 887 45 07&pd=&em=sales@freyshoes.ch&fn=Vaide&fmn=Shoshaj&u=https:\/\/freyortho.ch\" class=\"v-card\">V-Card<\/a><\/p>\n\n              <ul class=\"social-icons\"><\/ul><\/div><\/div><\/div><\/div><\/div><\/div><div id=\"acc-panel-4\" class=\"accordion-panel closed\">\n\n    <h5>Logistica<span class=\"txdc\"><\/span><\/h5>\n\n    <div class=\"accordion-content\">\n\n      <div class=\"team-wrapper\">\n\n        <div class=\"row\"><div class=\"col-xs-12 col-sm-6 col-md-3\">\n\n            <div class=\"team-wrap\">\n\n              <p class=\"team-image\"> <img decoding=\"async\" src=\"https:\/\/freyortho.ch\/wp-content\/uploads\/2017\/06\/Portrait_Web_2026_Ali_001.jpg\" alt=\"\" \/> <\/p>\n\n              <h4>Ahmet Ali Soy<\/h4>\n\n              <p>Gestione della logistica<br \/>\n\n               \t<a href=\"tel:+41 62 887 45 13\">+41 62 887 45 13<\/a><br \/>\n\n\t\t\t\t<a href=\"tel:\"><\/a><br \/>\n\n\t\t\t\t<a href=\"mailto:logistics@freyortho.ch\">logistics@freyortho.ch<\/a><br \/>\n\n                <a href=\"https:\/\/freyortho.ch\/wp-content\/themes\/frey\/vcard.php?v=c&n=Ahmet Ali Soy&ps=Gestione della logistica&p=+41 62 887 45 13&pd=&em=logistics@freyortho.ch&fn=Ahmet Ali&fmn=Soy&u=https:\/\/freyortho.ch\" class=\"v-card\">V-Card<\/a><\/p>\n\n              <ul class=\"social-icons\"><\/ul><\/div><\/div><div class=\"col-xs-12 col-sm-6 col-md-3\">\n\n            <div class=\"team-wrap\">\n\n              <p class=\"team-image\"> <img decoding=\"async\" src=\"https:\/\/freyortho.ch\/wp-content\/uploads\/2017\/06\/Portrait_Web_2026_Mohamad.jpg\" alt=\"\" \/> <\/p>\n\n              <h4>Mohamad Dawod Ahmadi<\/h4>\n\n              <p>Vice responsabile della logistica<br \/>\n\n               \t<a href=\"tel:+41 62 887 45 13\">+41 62 887 45 13<\/a><br \/>\n\n\t\t\t\t<a href=\"tel:\"><\/a><br \/>\n\n\t\t\t\t<a href=\"mailto:logistics@freyortho.ch\">logistics@freyortho.ch<\/a><br \/>\n\n                <a href=\"https:\/\/freyortho.ch\/wp-content\/themes\/frey\/vcard.php?v=c&n=Mohamad Dawod Ahmadi&ps=Vice responsabile della logistica&p=+41 62 887 45 13&pd=&em=logistics@freyortho.ch&fn=Mohamad&fmn=Ahmadi&u=https:\/\/freyortho.ch\" class=\"v-card\">V-Card<\/a><\/p>\n\n              <ul class=\"social-icons\"><\/ul><\/div><\/div><div class=\"col-xs-12 col-sm-6 col-md-3\">\n\n            <div class=\"team-wrap\">\n\n              <p class=\"team-image\"> <img decoding=\"async\" src=\"https:\/\/freyortho.ch\/wp-content\/uploads\/2017\/06\/Portrait_Web_2026_Sandro.jpg\" alt=\"\" \/> <\/p>\n\n              <h4>Sandro Martino<\/h4>\n\n              <p>Logistica<br \/>\n\n               \t<a href=\"tel:\"><\/a><br \/>\n\n\t\t\t\t<a href=\"tel:\"><\/a><br \/>\n\n\t\t\t\t<a href=\"mailto:\"><\/a><br \/>\n\n                <a href=\"https:\/\/freyortho.ch\/wp-content\/themes\/frey\/vcard.php?v=c&n=Sandro Martino&ps=Logistica&p=&pd=&em=&fn=Sandro&fmn=Martino&u=https:\/\/freyortho.ch\" class=\"v-card\">V-Card<\/a><\/p>\n\n              <ul class=\"social-icons\"><\/ul><\/div><\/div><div class=\"col-xs-12 col-sm-6 col-md-3\">\n\n            <div class=\"team-wrap\">\n\n              <p class=\"team-image\"> <img decoding=\"async\" src=\"https:\/\/freyortho.ch\/wp-content\/uploads\/2025\/09\/Portrait_Web_2026_Eljana_001.jpg\" alt=\"\" \/> <\/p>\n\n              <h4>Eljana Mazrekaj<\/h4>\n\n              <p>Apprendisti della logistica<br \/>\n\n               \t<a href=\"tel:\"><\/a><br \/>\n\n\t\t\t\t<a href=\"tel:\"><\/a><br \/>\n\n\t\t\t\t<a href=\"mailto:\"><\/a><br \/>\n\n                <a href=\"https:\/\/freyortho.ch\/wp-content\/themes\/frey\/vcard.php?v=c&n=Eljana Mazrekaj&ps=Apprendisti della logistica&p=&pd=&em=&fn=Eljana&fmn=Mazrekaj&u=https:\/\/freyortho.ch\" class=\"v-card\">V-Card<\/a><\/p>\n\n              <ul class=\"social-icons\"><\/ul><\/div><\/div><div class=\"col-xs-12 col-sm-6 col-md-3\">\n\n            <div class=\"team-wrap\">\n\n              <p class=\"team-image\"> <img decoding=\"async\" src=\"https:\/\/freyortho.ch\/wp-content\/uploads\/2024\/06\/Portrait_Web_2023_Ausschnitt_Avatar_600_II.jpg\" alt=\"\" \/> <\/p>\n\n              <h4>Haris Velispahic<\/h4>\n\n              <p>Logistica<br \/>\n\n               \t<a href=\"tel:\"><\/a><br \/>\n\n\t\t\t\t<a href=\"tel:\"><\/a><br \/>\n\n\t\t\t\t<a href=\"mailto:\"><\/a><br \/>\n\n                <a href=\"https:\/\/freyortho.ch\/wp-content\/themes\/frey\/vcard.php?v=c&n=Haris Velispahic&ps=Logistica&p=&pd=&em=&fn=Haris&fmn=Velispahic&u=https:\/\/freyortho.ch\" class=\"v-card\">V-Card<\/a><\/p>\n\n              <ul class=\"social-icons\"><\/ul><\/div><\/div><div class=\"col-xs-12 col-sm-6 col-md-3\">\n\n            <div class=\"team-wrap\">\n\n              <p class=\"team-image\"> <img decoding=\"async\" src=\"https:\/\/freyortho.ch\/wp-content\/uploads\/2025\/09\/Portrait_Web_2026_Miran_001.jpg\" alt=\"\" \/> <\/p>\n\n              <h4>Miran Besun<\/h4>\n\n              <p>Apprendista della logistica<br \/>\n\n               \t<a href=\"tel:\"><\/a><br \/>\n\n\t\t\t\t<a href=\"tel:\"><\/a><br \/>\n\n\t\t\t\t<a href=\"mailto:\"><\/a><br \/>\n\n                <a href=\"https:\/\/freyortho.ch\/wp-content\/themes\/frey\/vcard.php?v=c&n=Miran Besun&ps=Apprendista della logistica&p=&pd=&em=&fn=Miran&fmn=Besun&u=https:\/\/freyortho.ch\" class=\"v-card\">V-Card<\/a><\/p>\n\n              <ul class=\"social-icons\"><\/ul><\/div><\/div><div class=\"col-xs-12 col-sm-6 col-md-3\">\n\n            <div class=\"team-wrap\">\n\n              <p class=\"team-image\"> <img decoding=\"async\" src=\"https:\/\/freyortho.ch\/wp-content\/uploads\/2025\/09\/Portrait_Web_2026_Djordje.jpg\" alt=\"\" \/> <\/p>\n\n              <h4>Djordje Zoranovic<\/h4>\n\n              <p>Apprendista della logistica<br \/>\n\n               \t<a href=\"tel:\"><\/a><br \/>\n\n\t\t\t\t<a href=\"tel:\"><\/a><br \/>\n\n\t\t\t\t<a href=\"mailto:\"><\/a><br \/>\n\n                <a href=\"https:\/\/freyortho.ch\/wp-content\/themes\/frey\/vcard.php?v=c&n=Djordje Zoranovic&ps=Apprendista della logistica&p=&pd=&em=&fn=Djordje&fmn=Zoranovic&u=https:\/\/freyortho.ch\" class=\"v-card\">V-Card<\/a><\/p>\n\n              <ul class=\"social-icons\"><\/ul><\/div><\/div><\/div><\/div><\/div><\/div><div id=\"acc-panel-5\" class=\"accordion-panel closed\">\n\n    <h5>Gestione prodotti<span class=\"txdc\"><\/span><\/h5>\n\n    <div class=\"accordion-content\">\n\n      <div class=\"team-wrapper\">\n\n        <div class=\"row\"><div class=\"col-xs-12 col-sm-6 col-md-3\">\n\n            <div class=\"team-wrap\">\n\n              <p class=\"team-image\"> <img decoding=\"async\" src=\"https:\/\/freyortho.ch\/wp-content\/uploads\/2017\/06\/Portrait_Web_2023_Ausschnitt_FrancescaCazzato_600.jpg\" alt=\"\" \/> <\/p>\n\n              <h4>Francesca Cazzato<\/h4>\n\n              <p>Gestione prodotti<br \/>\n\n               \t<a href=\"tel:+41 62 887 45 00\">+41 62 887 45 00<\/a><br \/>\n\n\t\t\t\t<a href=\"tel:\"><\/a><br \/>\n\n\t\t\t\t<a href=\"mailto:\"><\/a><br \/>\n\n                <a href=\"https:\/\/freyortho.ch\/wp-content\/themes\/frey\/vcard.php?v=c&n=Francesca Cazzato&ps=Gestione prodotti&p=+41 62 887 45 00&pd=&em=&fn=Francesca&fmn=Cazzato&u=https:\/\/freyortho.ch\" class=\"v-card\">V-Card<\/a><\/p>\n\n              <ul class=\"social-icons\"><\/ul><\/div><\/div><div class=\"col-xs-12 col-sm-6 col-md-3\">\n\n            <div class=\"team-wrap\">\n\n              <p class=\"team-image\"> <img decoding=\"async\" src=\"https:\/\/freyortho.ch\/wp-content\/uploads\/2022\/05\/EVA_web_600.jpg\" alt=\"\" \/> <\/p>\n\n              <h4>Eva St\u00f6rzbach<\/h4>\n\n              <p>Gestione dati di base MDR<br \/>\n\n               \t<a href=\"tel: +41 62 887 45 00\"> +41 62 887 45 00<\/a><br \/>\n\n\t\t\t\t<a href=\"tel:\"><\/a><br \/>\n\n\t\t\t\t<a href=\"mailto:\"><\/a><br \/>\n\n                <a href=\"https:\/\/freyortho.ch\/wp-content\/themes\/frey\/vcard.php?v=c&n=Eva St\u00f6rzbach&ps=Gestione dati di base MDR&p= +41 62 887 45 00&pd=&em=&fn=Eva&fmn=St\u00f6rzbach&u=https:\/\/freyortho.ch\" class=\"v-card\">V-Card<\/a><\/p>\n\n              <ul class=\"social-icons\"><\/ul><\/div><\/div><div class=\"col-xs-12 col-sm-6 col-md-3\">\n\n            <div class=\"team-wrap\">\n\n              <p class=\"team-image\"> <img decoding=\"async\" src=\"https:\/\/freyortho.ch\/wp-content\/uploads\/2019\/10\/vladisavljevic.jpg\" alt=\"\" \/> <\/p>\n\n              <h4>Sandra Vladisavljevic<\/h4>\n\n              <p>Gestione dati di base<br \/>\n\n               \t<a href=\"tel:+41 62 887 45 00\">+41 62 887 45 00<\/a><br \/>\n\n\t\t\t\t<a href=\"tel:\"><\/a><br \/>\n\n\t\t\t\t<a href=\"mailto:\"><\/a><br \/>\n\n                <a href=\"https:\/\/freyortho.ch\/wp-content\/themes\/frey\/vcard.php?v=c&n=Sandra Vladisavljevic&ps=Gestione dati di base&p=+41 62 887 45 00&pd=&em=&fn=Sandra&fmn=Vladisavljevic&u=https:\/\/freyortho.ch\" class=\"v-card\">V-Card<\/a><\/p>\n\n              <ul class=\"social-icons\"><\/ul><\/div><\/div><\/div><\/div><\/div><\/div><div id=\"acc-panel-6\" class=\"accordion-panel closed\">\n\n    <h5>Contabilit\u00e0<span class=\"txdc\"><\/span><\/h5>\n\n    <div class=\"accordion-content\">\n\n      <div class=\"team-wrapper\">\n\n        <div class=\"row\"><div class=\"col-xs-12 col-sm-6 col-md-3\">\n\n            <div class=\"team-wrap\">\n\n              <p class=\"team-image\"> <img decoding=\"async\" src=\"https:\/\/freyortho.ch\/wp-content\/uploads\/2017\/06\/RENATA_web_600-3.jpg\" alt=\"\" \/> <\/p>\n\n              <h4>Renata M\u00fcller-Keppler<\/h4>\n\n              <p>Responsabile della contabilit\u00e0<br \/>\n\n               \t<a href=\"tel:+41 62 887 45 10\">+41 62 887 45 10<\/a><br \/>\n\n\t\t\t\t<a href=\"tel:\"><\/a><br \/>\n\n\t\t\t\t<a href=\"mailto:\"><\/a><br \/>\n\n                <a href=\"https:\/\/freyortho.ch\/wp-content\/themes\/frey\/vcard.php?v=c&n=Renata M\u00fcller-Keppler&ps=Responsabile della contabilit\u00e0&p=+41 62 887 45 10&pd=&em=&fn=Renata&fmn=M\u00fcller-Keppler&u=https:\/\/freyortho.ch\" class=\"v-card\">V-Card<\/a><\/p>\n\n              <ul class=\"social-icons\"><\/ul><\/div><\/div><div class=\"col-xs-12 col-sm-6 col-md-3\">\n\n            <div class=\"team-wrap\">\n\n              <p class=\"team-image\"> <img decoding=\"async\" src=\"https:\/\/freyortho.ch\/wp-content\/uploads\/2017\/06\/Portrait_Web_2023_Ausschnitt_Avatar_600.jpg\" alt=\"\" \/> <\/p>\n\n              <h4>Ursula Kuster<\/h4>\n\n              <p>Contabilit\u00e0<br \/>\n\n               \t<a href=\"tel:+41 62 887 45 11\">+41 62 887 45 11<\/a><br \/>\n\n\t\t\t\t<a href=\"tel:\"><\/a><br \/>\n\n\t\t\t\t<a href=\"mailto:\"><\/a><br \/>\n\n                <a href=\"https:\/\/freyortho.ch\/wp-content\/themes\/frey\/vcard.php?v=c&n=Ursula Kuster&ps=Contabilit\u00e0&p=+41 62 887 45 11&pd=&em=&fn=Ursula&fmn=Kuster&u=https:\/\/freyortho.ch\" class=\"v-card\">V-Card<\/a><\/p>\n\n              <ul class=\"social-icons\"><\/ul><\/div><\/div><\/div><\/div><\/div><\/div><\/div>\n<\/div>\n<\/div><\/div><\/div><\/div><\/div>","protected":false},"excerpt":{"rendered":"<p>Nel 1972, Roland Frey fond\u00f2 la societ\u00e0 commerciale con sede a Othmarsingen. Quasi mezzo secolo pi\u00f9 tardi, l&#8217;azienda a conduzione familiare \u00e8 diventata uno dei maggiori fornitori di materiale ortopedico sul mercato svizzero. La costruzione della nuova sede principale nel 1992 rispecchia la continua crescita dell&#8217;azienda. Subito dopo la trasformazione da impresa individuale a societ\u00e0 &hellip; <a href=\"https:\/\/freyortho.ch\/it\/venite-a-conoscerci\/\" class=\"more-link\">Leggi tutto<span class=\"screen-reader-text\"> &#8220;Venite a conoscerci&#8221;<\/span><\/a><\/p>\n","protected":false},"author":1,"featured_media":0,"parent":0,"menu_order":0,"comment_status":"closed","ping_status":"closed","template":"","meta":{"_acf_changed":false,"footnotes":""},"class_list":["post-169","page","type-page","status-publish","hentry"],"acf":[],"_links":{"self":[{"href":"https:\/\/freyortho.ch\/it\/wp-json\/wp\/v2\/pages\/169","targetHints":{"allow":["GET"]}}],"collection":[{"href":"https:\/\/freyortho.ch\/it\/wp-json\/wp\/v2\/pages"}],"about":[{"href":"https:\/\/freyortho.ch\/it\/wp-json\/wp\/v2\/types\/page"}],"author":[{"embeddable":true,"href":"https:\/\/freyortho.ch\/it\/wp-json\/wp\/v2\/users\/1"}],"replies":[{"embeddable":true,"href":"https:\/\/freyortho.ch\/it\/wp-json\/wp\/v2\/comments?post=169"}],"version-history":[{"count":3,"href":"https:\/\/freyortho.ch\/it\/wp-json\/wp\/v2\/pages\/169\/revisions"}],"predecessor-version":[{"id":2920,"href":"https:\/\/freyortho.ch\/it\/wp-json\/wp\/v2\/pages\/169\/revisions\/2920"}],"wp:attachment":[{"href":"https:\/\/freyortho.ch\/it\/wp-json\/wp\/v2\/media?parent=169"}],"curies":[{"name":"wp","href":"https:\/\/api.w.org\/{rel}","templated":true}]}}